{"id":26,"date":"2015-04-29T04:10:02","date_gmt":"2015-04-29T04:10:02","guid":{"rendered":"http:\/\/moses-wolff.de\/?page_id=26"},"modified":"2022-12-13T09:56:34","modified_gmt":"2022-12-13T08:56:34","slug":"presse-zitate","status":"publish","type":"page","link":"https:\/\/moses-wolff.de\/index.php\/presse-zitate\/","title":{"rendered":"Presse"},"content":{"rendered":"\n<p>S\u00fcddeutsche Zeitung vom 18.01.2022<br \/><a href=\"https:\/\/www.sueddeutsche.de\/muenchen\/innovationspreis-volkskultur-poetry-slam-wer-ko-der-ko-moses-wolff-ko-bylanzky-1.5517165\" target=\"_blank\" rel=\"noreferrer noopener\">https:\/\/www.sueddeutsche.de\/muenchen\/innovationspreis-volkskultur-poetry-slam-wer-ko-der-ko-moses-wolff-ko-bylanzky-1.5517165<\/a><\/p>\n\n\n\n<p>S\u00fcddeutsche Zeitung vom 11.08.2020<br \/><a href=\"https:\/\/www.sueddeutsche.de\/muenchen\/literatur-rueckkehr-der-blumenkinder-1.4995244\">https:\/\/www.sueddeutsche.de\/muenchen\/literatur-rueckkehr-der-blumenkinder-1.4995244<\/a><\/p>\n\n\n\n<p>Abendzeitung vom 30.07.2020<br \/><a href=\"https:\/\/www.abendzeitung-muenchen.de\/inhalt.liebe-machen-moses-wolff-ueber-seinen-neuen-roman.536070af-9604-4325-9f8d-2af5f7b83d22.html\">https:\/\/www.abendzeitung-muenchen.de\/inhalt.liebe-machen-moses-wolff-ueber-seinen-neuen-roman.536070af-9604-4325-9f8d-2af5f7b83d22.html<\/a><\/p>\n\n\n\n<p><\/p>\n\n\n<p>Zitate \u00fcber Moses Wolff<\/p>\n<p>\u201eToller Buch-Autor! Moses Wolff: guter Typ!\u201c<br \/><strong>Torsten Str\u00e4ter, Schriftsteller<\/strong><\/p>\n<p>&#8222;Wenn nicht jeder, dann bringt mich jeder zweite Satz von Moses Wolff zum Lachen.&#8220;<br \/><b>Volker Keidel, Schriftsteller<br \/><\/b><\/p>\n<p class=\"yiv4610383115MsoNormal\">\u201eIst man in M\u00fcnchen auf der Suche nach einem Original, st\u00f6\u00dft man unweigerlich auf den Moses Wolff. Er ist nicht nur ein \u201eeinfaches Original\u201c, sondern ein \u201eechtes Original\u201c, ja\u00a0 mehr noch: \u201eein echtes bayrisches Original\u201c, erkennbar an 10 Kennzeichen. Ein EbO ist: gerade heraus, ehrlich, kantig, humorvoll und komisch, hinter bisweilen grantiger Fassade auch weichherzig, damit zeitlos und hochwertig, verliert deshalb nie an Wert, im Gegenteil, kann sogar eine Wertsteigerung erleben und damit eine echte Wertanlage sein.\u201c<br \/><b>Alfons Schweiggert, Schriftsteller<\/b><\/p>\n<p><span class=\"null\">&#8222;Moses Wolff ist so wie M\u00fcnchen eigentlich sein sollte. Und dank ihm auch ein bisschen ist. Was besseres kann einem in dieser Stadt kaum widerfahren.&#8220;<br \/><strong>Christoph Theussl, Schauspieler und Liedermacher<\/strong><br \/><\/span><\/p>\n<p>&#8222;Moses Wolff ist ein sehr freigeistiger, kluger Schriftsteller und ein super hell leuchtender Stern am Kabaretthimmel der Welt!&#8220;<br \/><b>Willy Michl, Isarnativ Sound of Thunder<br \/><\/b><\/p>\n<p>&#8222;Moses Wolff spricht mit vielen verschiedenen Stimmen und hat ein gro\u00dfes Herz.&#8220;<br \/><b>Matthias Egersd\u00f6rfer, Kabarettist<br \/><\/b><\/p>\n<p>\u201eVor Moses Wolff teilt sich die manchmal unfassbare Wirklichkeit und l\u00e4sst uns begl\u00fcckt hindurchschreiten und Dinge erkennen, von denen wir vorher keine Ahnung hatten. Moses Wolff schaut den Leuten nicht nur beinhart aufs Maul, sondern auch ins Maul hinein bis hinunter ins Herz und in den Bauch.\u201c<br \/><b>Friedrich Ani, Schriftsteller<br \/><\/b><\/p>\n<p>\u201eDer Wildbachtoni ist so schaurig-sch\u00f6n wie die Eiger Nordwand und so wohltuend sinnlos wie Alpenwellness mit Holzf\u00e4llerh\u00e4nden.\u201c<br \/><b>Sven Kemmler, Kabarettist und Schriftsteller<br \/><\/b><\/p>\n<p>&#8222;Unter den verwunschenen Ausbl\u00fchungen des zeitlosen Humores von Mutter Natur, welche uns Heiterkeit schenken und aber auch stets aufs Neue die tiefe und sch\u00f6ne Kraft vor Augen f\u00fchren, die in einer profunden Nichtsnutzigkeit wohnen kann, ist ganz sicher und ohne einen Zweifel neben der Seegurke und der Hummel der Moses Wolff eine der hervorzusagenden, ganz gewiss.&#8220;<br \/><strong>Philipp Moll, Schriftsteller<br \/><\/strong><\/p>\n<p>&#8222;Eine kaum schlagbare Mischung aus R\u00fcdiger Nehberg, Martin Heidegger und Lady Gaga.&#8220;<br \/><b>Leo Fischer, Schriftsteller<br \/><\/b><\/p>\n<p>&#8222;Stimm- und wortgewaltig, geist- und charmeverspr\u00fchend: das ist Moses Wolff, ein formidabler Titan und Synonym f\u00fcr eine Show, die mehr Show ist als so einige andere Shows im weiten Lande, einzeln und zusammengenommen. Kurz: ein w\u00e4rmendes Herz wiesogleich ein n\u00e4hrendes Dach!&#8220;<br \/><b>Theobald Trotzius Fuchs, Schriftsteller<br \/><\/b><\/p>\n<p>&#8222;Wer Moses Wolff zuh\u00f6rt, m\u00f6chte seinen Fernseher wegschmei\u00dfen.&#8220;<br \/><b>Tilman Birr, Satiriker<br \/><\/b><\/p>\n<p>\u00a0<\/p>\n\n\n<p><\/p>\n","protected":false},"excerpt":{"rendered":"<p>S\u00fcddeutsche Zeitung vom 18.01.2022https:\/\/www.sueddeutsche.de\/muenchen\/innovationspreis-volkskultur-poetry-slam-wer-ko-der-ko-moses-wolff-ko-bylanzky-1.5517165 S\u00fcddeutsche Zeitung vom 11.08.2020https:\/\/www.sueddeutsche.de\/muenchen\/literatur-rueckkehr-der-blumenkinder-1.4995244 Abendzeitung vom 30.07.2020https:\/\/www.abendzeitung-muenchen.de\/inhalt.liebe-machen-moses-wolff-ueber-seinen-neuen-roman.536070af-9604-4325-9f8d-2af5f7b83d22.html Zitate \u00fcber Moses Wolff [&hellip;]<\/p>\n","protected":false},"author":3,"featured_media":0,"parent":0,"menu_order":0,"comment_status":"closed","ping_status":"closed","template":"","meta":{"footnotes":""},"class_list":["post-26","page","type-page","status-publish","hentry"],"_links":{"self":[{"href":"https:\/\/moses-wolff.de\/index.php\/wp-json\/wp\/v2\/pages\/26","targetHints":{"allow":["GET"]}}],"collection":[{"href":"https:\/\/moses-wolff.de\/index.php\/wp-json\/wp\/v2\/pages"}],"about":[{"href":"https:\/\/moses-wolff.de\/index.php\/wp-json\/wp\/v2\/types\/page"}],"author":[{"embeddable":true,"href":"https:\/\/moses-wolff.de\/index.php\/wp-json\/wp\/v2\/users\/3"}],"replies":[{"embeddable":true,"href":"https:\/\/moses-wolff.de\/index.php\/wp-json\/wp\/v2\/comments?post=26"}],"version-history":[{"count":10,"href":"https:\/\/moses-wolff.de\/index.php\/wp-json\/wp\/v2\/pages\/26\/revisions"}],"predecessor-version":[{"id":1121,"href":"https:\/\/moses-wolff.de\/index.php\/wp-json\/wp\/v2\/pages\/26\/revisions\/1121"}],"wp:attachment":[{"href":"https:\/\/moses-wolff.de\/index.php\/wp-json\/wp\/v2\/media?parent=26"}],"curies":[{"name":"wp","href":"https:\/\/api.w.org\/{rel}","templated":true}]}}